{"id":26137,"date":"2026-03-17T17:37:28","date_gmt":"2026-03-17T20:37:28","guid":{"rendered":"https:\/\/jornalpacity.com.br\/?page_id=26137"},"modified":"2026-03-23T10:04:49","modified_gmt":"2026-03-23T13:04:49","slug":"edital-classificado-p","status":"publish","type":"page","link":"https:\/\/jornalpacity.com.br\/?page_id=26137","title":{"rendered":"Edital\/Classificados"},"content":{"rendered":"<h1 style=\"text-align: center;\"><strong>Edital de convoca\u00e7\u00e3o para a Assembleia Geral Extraordin\u00e1ria e Ordin\u00e1ria Virtual\/Semipresencial<\/strong><\/h1>\n<!-- \/wp:post-content --><!-- wp:paragraph -->\n\nO Presidente da <strong>COOPERATIVA DE TRABALHO NUTRIX THECNICA EM SAUDE<\/strong>, inscrita no NIRE: 52400037915 e CNPJ: <strong>55.835.477\/0001-89<\/strong>, no uso das atribui\u00e7\u00f5es conferidas pelo Estatuto Social, convoca os senhores cooperados, que nesta data s\u00e3o em n\u00famero de 19 em condi\u00e7\u00e3o de votar para se reunirem em Assembleia Geral Extraordin\u00e1ria , e, ap\u00f3s o seu t\u00e9rmino, no mesmo local, em Assembleia Geral Ordin\u00e1ria, a ser realizado na sede \u00e1 rua Potiguara qd 89 lote 01 ou,<strong> no dia 31\/03\/2026 <\/strong>em primeira convoca\u00e7\u00e3o \u00e0s 10:00 horas, com a presen\u00e7a de 2\/3 dos cooperados, n\u00e3o alcan\u00e7ado, em segunda convoca\u00e7\u00e3o \u00e0s 11:00 horas, com a presen\u00e7a de metade mais um do n\u00famero total de cooperados e persistindo a falta de qu\u00f3rum legal, \u00e0s 12:00hr em terceira e \u00faltima convoca\u00e7\u00e3o, com a presen\u00e7a de 50 s\u00f3cios ou, no m\u00ednimo, 20% (vinte por cento) do total de s\u00f3cios, prevalecendo o menor n\u00famero, exigida a presen\u00e7a de, no m\u00ednimo, 4 (quatro) s\u00f3cios caso a cooperativa possua at\u00e9 19 (dezenove) s\u00f3cios matriculados, para deliberarem sobre a seguinte\n\n<!-- \/wp:paragraph --><!-- wp:paragraph -->\n\n<strong>Assembleia Geral Extraordin\u00e1ria:<\/strong>\n\n<!-- \/wp:paragraph --><!-- wp:list {\"ordered\":true} -->\n<ol>\n \t<li style=\"list-style-type: none;\">\n<ol><!-- wp:list-item --><\/ol>\n<\/li>\n<\/ol>\n<ol>\n \t<li style=\"list-style-type: none;\">\n<ol>\n \t<li>Reforma Estatut\u00e1ria; mudan\u00e7a endere\u00e7o: Rua Potiguraras qd 089 lote 01 complemento\/rua Manaus Vila Brasilia Aparecida de Goi\u00e2nia.<\/li>\n<\/ol>\n<\/li>\n<\/ol>\n<!-- \/wp:list-item -->\n\n<!-- \/wp:list --><!-- wp:paragraph -->\n\nQuaisquer assuntos de interesse dos cooperados sem valor decis\u00f3rio.\n\n<!-- \/wp:paragraph --><!-- wp:list -->\n<ul>\n \t<li style=\"list-style-type: none;\">\n<ul><!-- wp:list-item --><\/ul>\n<\/li>\n<\/ul>\n<ul>\n \t<li style=\"list-style-type: none;\">\n<ul>\n \t<li><strong>Assembleia Geral Ordin\u00e1ria:<\/strong><\/li>\n<\/ul>\n<\/li>\n<\/ul>\n<!-- \/wp:list-item --><!-- wp:list-item -->\n<ul>\n \t<li style=\"list-style-type: none;\">\n<ul>\n \t<li>Presta\u00e7\u00e3o de Contas do Exerc\u00edcio de 2025;\n<ul>\n \t<li>Relat\u00f3rio de Gest\u00e3o;<\/li>\n<\/ul>\n<ul>\n \t<li>Apresenta\u00e7\u00e3o do Balan\u00e7o Patrimonial;<\/li>\n<\/ul>\n<ul>\n \t<li>Demonstrativos de Sobras\/Perdas;<\/li>\n<\/ul>\n<!-- wp:list -->\n<ul>\n \t<li style=\"list-style-type: none;\">\n<ul><!-- wp:list-item --><\/ul>\n<\/li>\n<\/ul>\n<ul>\n \t<li style=\"list-style-type: none;\">\n<ul>\n \t<li>Parecer do Conselho Fiscal.<\/li>\n<\/ul>\n<\/li>\n<\/ul>\n<!-- \/wp:list-item -->\n\n<!-- \/wp:list --><\/li>\n<\/ul>\n<\/li>\n<\/ul>\n<!-- \/wp:list-item --><!-- wp:list-item -->\n<ul>\n \t<li style=\"list-style-type: none;\">\n<ul>\n \t<li>Destina\u00e7\u00e3o e forma de distribui\u00e7\u00e3o das Sobras\/Perdas do Exerc\u00edcio de 2025<\/li>\n<\/ul>\n<\/li>\n<\/ul>\n<!-- \/wp:list-item --><!-- wp:list-item -->\n<ul>\n \t<li style=\"list-style-type: none;\">\n<ul>\n \t<li>Recomposi\u00e7\u00e3o do Conselho de Administra\u00e7\u00e3o;<\/li>\n<\/ul>\n<\/li>\n<\/ul>\n<!-- \/wp:list-item --><!-- wp:list-item -->\n<ul>\n \t<li style=\"list-style-type: none;\">\n<ul>\n \t<li>Elei\u00e7\u00e3o e posse dos componentes do Conselho Fiscal;<\/li>\n<\/ul>\n<\/li>\n<\/ul>\n<!-- \/wp:list-item --><!-- wp:list-item -->\n<ul>\n \t<li style=\"list-style-type: none;\">\n<ul>\n \t<li>Fixa\u00e7\u00e3o do valor dos honor\u00e1rios e c\u00e9dula de presen\u00e7a dos membros do Conselho de Administra\u00e7\u00e3o e do Conselho Fiscal;<\/li>\n<\/ul>\n<\/li>\n<\/ul>\n<!-- \/wp:list-item -->\n\n<!-- \/wp:list --><!-- wp:paragraph -->\n\nQuaisquer assuntos de interesse dos cooperados sem valor decis\u00f3rio.\n\n<!-- \/wp:paragraph --><!-- wp:paragraph -->\n\n<strong>Goi\u00e2nia\/GO,17 de mar\u00e7o de 2026<\/strong>\n\n<!-- \/wp:paragraph --><!-- wp:paragraph -->\n\n<!-- \/wp:paragraph --><!-- wp:paragraph -->\n\n<strong><u>Andreia de Oliveira<\/u><\/strong>\n\n<!-- \/wp:paragraph --><!-- wp:paragraph -->\n\nPresidente\n\n<!-- \/wp:paragraph --><!-- wp:paragraph -->\n\nEsta Assembleia ser\u00e1 realizada na modalidade DIGITAL\/Semipresencial, sendo garantida a todos os cooperados a participa\u00e7\u00e3o e vota\u00e7\u00e3o \u00e0 dist\u00e2ncia, mediante atua\u00e7\u00e3o remota.\n\n<!-- \/wp:paragraph --><!-- wp:paragraph -->\n<h3><strong>via sistema Google Meet\/Teams, <\/strong><\/h3>\n<h3><strong>com acesso pelo link: <a href=\"_wp_link_placeholder\" data-wplink-edit=\"true\">https:\/\/meet.google.com\/bbv-vbyt-amz<\/a><\/strong><\/h3>\n<!-- \/wp:paragraph -->\n\n<!-- wp:paragraph -->\n\n<!-- \/wp:paragraph -->","protected":false},"excerpt":{"rendered":"<p>Edital de convoca\u00e7\u00e3o para a Assembleia Geral Extraordin\u00e1ria e Ordin\u00e1ria Virtual\/Semipresencial O Presidente da COOPERATIVA DE TRABALHO NUTRIX THECNICA EM SAUDE, inscrita no NIRE: 52400037915 e CNPJ: 55.835.477\/0001-89, no uso das atribui\u00e7\u00f5es conferidas pelo Estatuto Social, convoca os senhores cooperados, que nesta data s\u00e3o em n\u00famero de 19 em condi\u00e7\u00e3o de votar para se reunirem [&hellip;]<\/p>\n","protected":false},"author":1,"featured_media":0,"parent":0,"menu_order":0,"comment_status":"closed","ping_status":"closed","template":"","meta":{"site-sidebar-layout":"default","site-content-layout":"","ast-site-content-layout":"default","site-content-style":"default","site-sidebar-style":"default","ast-global-header-display":"","ast-banner-title-visibility":"","ast-main-header-display":"","ast-hfb-above-header-display":"","ast-hfb-below-header-display":"","ast-hfb-mobile-header-display":"","site-post-title":"","ast-breadcrumbs-content":"","ast-featured-img":"","footer-sml-layout":"","ast-disable-related-posts":"","theme-transparent-header-meta":"","adv-header-id-meta":"","stick-header-meta":"","header-above-stick-meta":"","header-main-stick-meta":"","header-below-stick-meta":"","astra-migrate-meta-layouts":"set","ast-page-background-enabled":"default","ast-page-background-meta":{"desktop":{"background-color":"var(--ast-global-color-4)","background-image":"","background-repeat":"repeat","background-position":"center center","background-size":"auto","background-attachment":"scroll","background-type":"","background-media":"","overlay-type":"","overlay-color":"","overlay-opacity":"","overlay-gradient":""},"tablet":{"background-color":"","background-image":"","background-repeat":"repeat","background-position":"center center","background-size":"auto","background-attachment":"scroll","background-type":"","background-media":"","overlay-type":"","overlay-color":"","overlay-opacity":"","overlay-gradient":""},"mobile":{"background-color":"","background-image":"","background-repeat":"repeat","background-position":"center center","background-size":"auto","background-attachment":"scroll","background-type":"","background-media":"","overlay-type":"","overlay-color":"","overlay-opacity":"","overlay-gradient":""}},"ast-content-background-meta":{"desktop":{"background-color":"var(--ast-global-color-5)","background-image":"","background-repeat":"repeat","background-position":"center center","background-size":"auto","background-attachment":"scroll","background-type":"","background-media":"","overlay-type":"","overlay-color":"","overlay-opacity":"","overlay-gradient":""},"tablet":{"background-color":"var(--ast-global-color-5)","background-image":"","background-repeat":"repeat","background-position":"center center","background-size":"auto","background-attachment":"scroll","background-type":"","background-media":"","overlay-type":"","overlay-color":"","overlay-opacity":"","overlay-gradient":""},"mobile":{"background-color":"var(--ast-global-color-5)","background-image":"","background-repeat":"repeat","background-position":"center center","background-size":"auto","background-attachment":"scroll","background-type":"","background-media":"","overlay-type":"","overlay-color":"","overlay-opacity":"","overlay-gradient":""}},"footnotes":""},"class_list":["post-26137","page","type-page","status-publish","hentry"],"_links":{"self":[{"href":"https:\/\/jornalpacity.com.br\/index.php?rest_route=\/wp\/v2\/pages\/26137","targetHints":{"allow":["GET"]}}],"collection":[{"href":"https:\/\/jornalpacity.com.br\/index.php?rest_route=\/wp\/v2\/pages"}],"about":[{"href":"https:\/\/jornalpacity.com.br\/index.php?rest_route=\/wp\/v2\/types\/page"}],"author":[{"embeddable":true,"href":"https:\/\/jornalpacity.com.br\/index.php?rest_route=\/wp\/v2\/users\/1"}],"replies":[{"embeddable":true,"href":"https:\/\/jornalpacity.com.br\/index.php?rest_route=%2Fwp%2Fv2%2Fcomments&post=26137"}],"version-history":[{"count":20,"href":"https:\/\/jornalpacity.com.br\/index.php?rest_route=\/wp\/v2\/pages\/26137\/revisions"}],"predecessor-version":[{"id":26488,"href":"https:\/\/jornalpacity.com.br\/index.php?rest_route=\/wp\/v2\/pages\/26137\/revisions\/26488"}],"wp:attachment":[{"href":"https:\/\/jornalpacity.com.br\/index.php?rest_route=%2Fwp%2Fv2%2Fmedia&parent=26137"}],"curies":[{"name":"wp","href":"https:\/\/api.w.org\/{rel}","templated":true}]}}