{"id":19978,"date":"2025-11-27T18:29:37","date_gmt":"2025-11-27T21:29:37","guid":{"rendered":"https:\/\/jornalpacity.com.br\/?post_type=product&#038;p=19978"},"modified":"2025-11-27T18:29:37","modified_gmt":"2025-11-27T21:29:37","slug":"livros","status":"publish","type":"product","link":"https:\/\/jornalpacity.com.br\/?product=livros","title":{"rendered":"Livros"},"content":{"rendered":"<p>Em &#8220;A Paciente Silenciosa&#8221;, o sil\u00eancio \u00e9 a chave para desvendar segredos profundos. Descubra um m\u00e9todo \u00fanico para [objetivo, como &#8220;entender suas emo\u00e7\u00f5es&#8221;, &#8220;superar desafios internos&#8221;, &#8220;encontrar respostas&#8221;]. A jornada come\u00e7a quando voc\u00ea decide ouvir a si mesmo.<\/p>\n","protected":false},"excerpt":{"rendered":"<p>&#8220;A Paciente Silenciosa&#8221; \u00e9 um convite \u00e0 introspec\u00e7\u00e3o. Descubra o poder do sil\u00eancio para desvendar segredos internos, superar desafios e encontrar respostas que s\u00f3 voc\u00ea pode ouvir. <img decoding=\"async\" class=\"alignnone  wp-image-19980\" src=\"https:\/\/jornalpacity.com.br\/wp-content\/uploads\/2025\/11\/paciente-silenciosa-2-225x300.webp\" alt=\"\" width=\"145\" height=\"193\" srcset=\"https:\/\/jornalpacity.com.br\/wp-content\/uploads\/2025\/11\/paciente-silenciosa-2-225x300.webp 225w, https:\/\/jornalpacity.com.br\/wp-content\/uploads\/2025\/11\/paciente-silenciosa-2-110x146.webp 110w, https:\/\/jornalpacity.com.br\/wp-content\/uploads\/2025\/11\/paciente-silenciosa-2.webp 540w\" sizes=\"(max-width: 145px) 100vw, 145px\" \/><\/p>\n","protected":false},"featured_media":19979,"comment_status":"open","ping_status":"closed","template":"","meta":{"site-sidebar-layout":"default","site-content-layout":"","ast-site-content-layout":"default","site-content-style":"default","site-sidebar-style":"default","ast-global-header-display":"","ast-banner-title-visibility":"","ast-main-header-display":"","ast-hfb-above-header-display":"","ast-hfb-below-header-display":"","ast-hfb-mobile-header-display":"","site-post-title":"","ast-breadcrumbs-content":"","ast-featured-img":"","footer-sml-layout":"","ast-disable-related-posts":"","theme-transparent-header-meta":"default","adv-header-id-meta":"","stick-header-meta":"","header-above-stick-meta":"","header-main-stick-meta":"","header-below-stick-meta":"","astra-migrate-meta-layouts":"set","ast-page-background-enabled":"default","ast-page-background-meta":{"desktop":{"background-color":"var(--ast-global-color-4)","background-image":"","background-repeat":"repeat","background-position":"center center","background-size":"auto","background-attachment":"scroll","background-type":"","background-media":"","overlay-type":"","overlay-color":"","overlay-opacity":"","overlay-gradient":""},"tablet":{"background-color":"","background-image":"","background-repeat":"repeat","background-position":"center center","background-size":"auto","background-attachment":"scroll","background-type":"","background-media":"","overlay-type":"","overlay-color":"","overlay-opacity":"","overlay-gradient":""},"mobile":{"background-color":"","background-image":"","background-repeat":"repeat","background-position":"center center","background-size":"auto","background-attachment":"scroll","background-type":"","background-media":"","overlay-type":"","overlay-color":"","overlay-opacity":"","overlay-gradient":""}},"ast-content-background-meta":{"desktop":{"background-color":"var(--ast-global-color-5)","background-image":"","background-repeat":"repeat","background-position":"center center","background-size":"auto","background-attachment":"scroll","background-type":"","background-media":"","overlay-type":"","overlay-color":"","overlay-opacity":"","overlay-gradient":""},"tablet":{"background-color":"var(--ast-global-color-5)","background-image":"","background-repeat":"repeat","background-position":"center center","background-size":"auto","background-attachment":"scroll","background-type":"","background-media":"","overlay-type":"","overlay-color":"","overlay-opacity":"","overlay-gradient":""},"mobile":{"background-color":"var(--ast-global-color-5)","background-image":"","background-repeat":"repeat","background-position":"center center","background-size":"auto","background-attachment":"scroll","background-type":"","background-media":"","overlay-type":"","overlay-color":"","overlay-opacity":"","overlay-gradient":""}}},"product_brand":[],"product_cat":[362],"product_tag":[364,363],"class_list":{"0":"post-19978","1":"product","2":"type-product","3":"status-publish","4":"has-post-thumbnail","6":"product_cat-livros","7":"product_tag-leitura","8":"product_tag-livros","9":"desktop-align-left","10":"tablet-align-left","11":"mobile-align-left","13":"first","14":"instock","15":"sale","16":"shipping-taxable","17":"product-type-external"},"_links":{"self":[{"href":"https:\/\/jornalpacity.com.br\/index.php?rest_route=\/wp\/v2\/product\/19978","targetHints":{"allow":["GET"]}}],"collection":[{"href":"https:\/\/jornalpacity.com.br\/index.php?rest_route=\/wp\/v2\/product"}],"about":[{"href":"https:\/\/jornalpacity.com.br\/index.php?rest_route=\/wp\/v2\/types\/product"}],"replies":[{"embeddable":true,"href":"https:\/\/jornalpacity.com.br\/index.php?rest_route=%2Fwp%2Fv2%2Fcomments&post=19978"}],"wp:featuredmedia":[{"embeddable":true,"href":"https:\/\/jornalpacity.com.br\/index.php?rest_route=\/wp\/v2\/media\/19979"}],"wp:attachment":[{"href":"https:\/\/jornalpacity.com.br\/index.php?rest_route=%2Fwp%2Fv2%2Fmedia&parent=19978"}],"wp:term":[{"taxonomy":"product_brand","embeddable":true,"href":"https:\/\/jornalpacity.com.br\/index.php?rest_route=%2Fwp%2Fv2%2Fproduct_brand&post=19978"},{"taxonomy":"product_cat","embeddable":true,"href":"https:\/\/jornalpacity.com.br\/index.php?rest_route=%2Fwp%2Fv2%2Fproduct_cat&post=19978"},{"taxonomy":"product_tag","embeddable":true,"href":"https:\/\/jornalpacity.com.br\/index.php?rest_route=%2Fwp%2Fv2%2Fproduct_tag&post=19978"}],"curies":[{"name":"wp","href":"https:\/\/api.w.org\/{rel}","templated":true}]}}