{"id":20048,"date":"2025-11-28T14:20:31","date_gmt":"2025-11-28T17:20:31","guid":{"rendered":"https:\/\/jornalpacity.com.br\/?post_type=product&#038;p=20048"},"modified":"2025-11-28T14:24:56","modified_gmt":"2025-11-28T17:24:56","slug":"curso-como-montar-uma-farmacia","status":"publish","type":"product","link":"https:\/\/jornalpacity.com.br\/?product=curso-como-montar-uma-farmacia","title":{"rendered":"CURSO COMO MONTAR UMA FARM\u00c1CIA"},"content":{"rendered":"<p>Aprenda a montar sua farm\u00e1cia de forma r\u00e1pida e economizando tempo, energia e dinheiro. Mesmo que voc\u00ea n\u00e3o tenha experi\u00eancia. &#8211; Eu vou te ensinar o que voc\u00ea precisa saber para ter sucesso trabalhando com o que voc\u00ea ama, conquistando a sua independ\u00eancia financeira e ainda lucrando muito! &#8211; Para voc\u00ea que sonha em ter a sua pr\u00f3pria farm\u00e1cia, mesmo se voc\u00ea n\u00e3o tem muita experi\u00eancia nem conhecimento em administra\u00e7\u00e3o e gest\u00e3o de farm\u00e1cias, aqui nesse treinamento voc\u00ea vai aprender o que voc\u00ea precisa para se sentir confiante em abrir a sua pr\u00f3pria drogaria, oferecer um servi\u00e7o de qualidade e se tornar refer\u00eancia na sua regi\u00e3o e ter sucesso! &#8211; Eu vou te revelar os segredos dos maiores profissionais que far\u00e3o com que a sua farm\u00e1cia alcance um alto n\u00edvel de qualidade, vou te mostrar tamb\u00e9m quais s\u00e3o os macetes e t\u00e9cnicas que eu descobri em mais de 5 anos como propriet\u00e1rio de uma farm\u00e1cia bem sucedida para te ajudar a fazer seu trabalho de uma forma melhor e mais rent\u00e1vel, aumentando muito mais a sua lucratividade. Acesse esse conte\u00fado exclusivo e comece o treinamento de Como Montar Uma Farm\u00e1cia agora mesmo!<\/p>\n","protected":false},"excerpt":{"rendered":"<p>Mesmo que voc\u00ea n\u00e3o tenha experi\u00eancia. &#8211; Eu vou te ensinar o que voc\u00ea precisa saber para ter sucesso trabalhando com o que voc\u00ea ama, conquistando a sua independ\u00eancia financeira e ainda lucrando muito! &#8211; Para voc\u00ea que sonha em ter a sua pr\u00f3pria farm\u00e1cia, mesmo se voc\u00ea n\u00e3o tem muita experi\u00eancia nem conhecimento em administra\u00e7\u00e3o e gest\u00e3o de farm\u00e1cias, aqui nesse treinamento voc\u00ea vai aprender o que voc\u00ea precisa para se sentir confiante em abrir a sua pr\u00f3pria drogaria, oferecer um servi\u00e7o de qualidade e se tornar refer\u00eancia na sua regi\u00e3o e ter sucesso!<\/p>\n","protected":false},"featured_media":20049,"comment_status":"open","ping_status":"closed","template":"","meta":{"site-sidebar-layout":"default","site-content-layout":"","ast-site-content-layout":"default","site-content-style":"default","site-sidebar-style":"default","ast-global-header-display":"","ast-banner-title-visibility":"","ast-main-header-display":"","ast-hfb-above-header-display":"","ast-hfb-below-header-display":"","ast-hfb-mobile-header-display":"","site-post-title":"","ast-breadcrumbs-content":"","ast-featured-img":"","footer-sml-layout":"","ast-disable-related-posts":"","theme-transparent-header-meta":"default","adv-header-id-meta":"","stick-header-meta":"","header-above-stick-meta":"","header-main-stick-meta":"","header-below-stick-meta":"","astra-migrate-meta-layouts":"set","ast-page-background-enabled":"default","ast-page-background-meta":{"desktop":{"background-color":"var(--ast-global-color-4)","background-image":"","background-repeat":"repeat","background-position":"center center","background-size":"auto","background-attachment":"scroll","background-type":"","background-media":"","overlay-type":"","overlay-color":"","overlay-opacity":"","overlay-gradient":""},"tablet":{"background-color":"","background-image":"","background-repeat":"repeat","background-position":"center center","background-size":"auto","background-attachment":"scroll","background-type":"","background-media":"","overlay-type":"","overlay-color":"","overlay-opacity":"","overlay-gradient":""},"mobile":{"background-color":"","background-image":"","background-repeat":"repeat","background-position":"center center","background-size":"auto","background-attachment":"scroll","background-type":"","background-media":"","overlay-type":"","overlay-color":"","overlay-opacity":"","overlay-gradient":""}},"ast-content-background-meta":{"desktop":{"background-color":"var(--ast-global-color-5)","background-image":"","background-repeat":"repeat","background-position":"center center","background-size":"auto","background-attachment":"scroll","background-type":"","background-media":"","overlay-type":"","overlay-color":"","overlay-opacity":"","overlay-gradient":""},"tablet":{"background-color":"var(--ast-global-color-5)","background-image":"","background-repeat":"repeat","background-position":"center center","background-size":"auto","background-attachment":"scroll","background-type":"","background-media":"","overlay-type":"","overlay-color":"","overlay-opacity":"","overlay-gradient":""},"mobile":{"background-color":"var(--ast-global-color-5)","background-image":"","background-repeat":"repeat","background-position":"center center","background-size":"auto","background-attachment":"scroll","background-type":"","background-media":"","overlay-type":"","overlay-color":"","overlay-opacity":"","overlay-gradient":""}}},"product_brand":[],"product_cat":[362],"product_tag":[367,363],"class_list":{"0":"post-20048","1":"product","2":"type-product","3":"status-publish","4":"has-post-thumbnail","6":"product_cat-livros","7":"product_tag-cursos","8":"product_tag-livros","9":"desktop-align-left","10":"tablet-align-left","11":"mobile-align-left","13":"first","14":"instock","15":"sale","16":"shipping-taxable","17":"product-type-external"},"_links":{"self":[{"href":"https:\/\/jornalpacity.com.br\/index.php?rest_route=\/wp\/v2\/product\/20048","targetHints":{"allow":["GET"]}}],"collection":[{"href":"https:\/\/jornalpacity.com.br\/index.php?rest_route=\/wp\/v2\/product"}],"about":[{"href":"https:\/\/jornalpacity.com.br\/index.php?rest_route=\/wp\/v2\/types\/product"}],"replies":[{"embeddable":true,"href":"https:\/\/jornalpacity.com.br\/index.php?rest_route=%2Fwp%2Fv2%2Fcomments&post=20048"}],"wp:featuredmedia":[{"embeddable":true,"href":"https:\/\/jornalpacity.com.br\/index.php?rest_route=\/wp\/v2\/media\/20049"}],"wp:attachment":[{"href":"https:\/\/jornalpacity.com.br\/index.php?rest_route=%2Fwp%2Fv2%2Fmedia&parent=20048"}],"wp:term":[{"taxonomy":"product_brand","embeddable":true,"href":"https:\/\/jornalpacity.com.br\/index.php?rest_route=%2Fwp%2Fv2%2Fproduct_brand&post=20048"},{"taxonomy":"product_cat","embeddable":true,"href":"https:\/\/jornalpacity.com.br\/index.php?rest_route=%2Fwp%2Fv2%2Fproduct_cat&post=20048"},{"taxonomy":"product_tag","embeddable":true,"href":"https:\/\/jornalpacity.com.br\/index.php?rest_route=%2Fwp%2Fv2%2Fproduct_tag&post=20048"}],"curies":[{"name":"wp","href":"https:\/\/api.w.org\/{rel}","templated":true}]}}