{"id":20060,"date":"2025-11-28T14:43:15","date_gmt":"2025-11-28T17:43:15","guid":{"rendered":"https:\/\/jornalpacity.com.br\/?post_type=product&#038;p=20060"},"modified":"2025-11-28T14:44:14","modified_gmt":"2025-11-28T17:44:14","slug":"o-morro-dos-ventos-uivantes-emily-bronte","status":"publish","type":"product","link":"https:\/\/jornalpacity.com.br\/?product=o-morro-dos-ventos-uivantes-emily-bronte","title":{"rendered":"O Morro dos Ventos Uivantes. Emily Bront\u00eb"},"content":{"rendered":"<p>O Morro dos Ventos Uivantes \u00e9 um romance escrito por Emily Bront\u00eb, publicado em 1847. A hist\u00f3ria se passa na Inglaterra do s\u00e9culo XIX e segue a vida de Heathcliff, um rapaz \u00f3rf\u00e3o que \u00e9 adotado por Mr. Earnshaw, um fazendeiro da regi\u00e3o da Pensilv\u00e2nia. A vida de Heathcliff muda completamente quando ele se apaixona por Catherine, filha de Mr. Earnshaw, mas o amor deles \u00e9 impedido pelas diferen\u00e7as sociais e pelas ambi\u00e7\u00f5es de Catherine. O Morro dos Ventos Uivantes \u00e9 considerado um cl\u00e1ssico da literatura inglesa e \u00e9 famoso por sua hist\u00f3ria de amor e \u00f3dio, bem como por seu tema de vingan\u00e7a e reden\u00e7\u00e3o. A escrita de Emily Bront\u00eb \u00e9 considerada intensa e emotiva, e ela foi capaz de criar personagens complexos e realistas que continuam a ser admirados at\u00e9 hoje. Se voc\u00ea gosta de hist\u00f3rias rom\u00e2nticas e dram\u00e1ticas, O Morro dos Ventos Uivantes \u00e9 uma \u00f3tima escolha.<\/p>\n","protected":false},"excerpt":{"rendered":"<p>Ao voltar de uma viagem a Liverpool, o sr. Earnshaw traz para integrar sua fam\u00edlia um \u00f3rf\u00e3o de pele escura, de origem desconhecida. Batizado apenas com o nome de um filho do casal, falecido ainda crian\u00e7a, Heatchcliff ser\u00e1 exposto desde logo ao preconceito vigente na sociedade inglesa. Narradora de parte da hist\u00f3ria, a governanta revela o quanto ele era humilhado e submetido a viol\u00eancia f\u00edsica e moral, tanto por Hinfley, filho mais velho do patr\u00e3o, quanto por ela mesma, admitindo que &#8220;n\u00e3o tinha suficiente bom senso para avaliar a injusti\u00e7a que cometia&#8221;. A \u00fanica amizade do garoto \u00e9 a ca\u00e7ula, Cathy. No entanto, \u00e0 medida que amadurecem, as barreiras de classe entre eles v\u00e3o se avolumando e, mesmo apaixonados, a jovem opta pelo casamento de conveni\u00eancia com o aristocr\u00e1tico Edgar Linton. Presa em sua submiss\u00e3o \u00e0s conven\u00e7\u00f5es sociais, Cathy n\u00e3o resiste \u00e0 ang\u00fastia da decis\u00e3o tomada. Quanto a Heatchcliff, afasta-se temporariamente, enquanto planeja sua vingan\u00e7a contra os Linton e os Earnshaw.<\/p>\n","protected":false},"featured_media":20061,"comment_status":"open","ping_status":"closed","template":"","meta":{"site-sidebar-layout":"default","site-content-layout":"","ast-site-content-layout":"default","site-content-style":"default","site-sidebar-style":"default","ast-global-header-display":"","ast-banner-title-visibility":"","ast-main-header-display":"","ast-hfb-above-header-display":"","ast-hfb-below-header-display":"","ast-hfb-mobile-header-display":"","site-post-title":"","ast-breadcrumbs-content":"","ast-featured-img":"","footer-sml-layout":"","ast-disable-related-posts":"","theme-transparent-header-meta":"default","adv-header-id-meta":"","stick-header-meta":"","header-above-stick-meta":"","header-main-stick-meta":"","header-below-stick-meta":"","astra-migrate-meta-layouts":"set","ast-page-background-enabled":"default","ast-page-background-meta":{"desktop":{"background-color":"var(--ast-global-color-4)","background-image":"","background-repeat":"repeat","background-position":"center center","background-size":"auto","background-attachment":"scroll","background-type":"","background-media":"","overlay-type":"","overlay-color":"","overlay-opacity":"","overlay-gradient":""},"tablet":{"background-color":"","background-image":"","background-repeat":"repeat","background-position":"center center","background-size":"auto","background-attachment":"scroll","background-type":"","background-media":"","overlay-type":"","overlay-color":"","overlay-opacity":"","overlay-gradient":""},"mobile":{"background-color":"","background-image":"","background-repeat":"repeat","background-position":"center center","background-size":"auto","background-attachment":"scroll","background-type":"","background-media":"","overlay-type":"","overlay-color":"","overlay-opacity":"","overlay-gradient":""}},"ast-content-background-meta":{"desktop":{"background-color":"var(--ast-global-color-5)","background-image":"","background-repeat":"repeat","background-position":"center center","background-size":"auto","background-attachment":"scroll","background-type":"","background-media":"","overlay-type":"","overlay-color":"","overlay-opacity":"","overlay-gradient":""},"tablet":{"background-color":"var(--ast-global-color-5)","background-image":"","background-repeat":"repeat","background-position":"center center","background-size":"auto","background-attachment":"scroll","background-type":"","background-media":"","overlay-type":"","overlay-color":"","overlay-opacity":"","overlay-gradient":""},"mobile":{"background-color":"var(--ast-global-color-5)","background-image":"","background-repeat":"repeat","background-position":"center center","background-size":"auto","background-attachment":"scroll","background-type":"","background-media":"","overlay-type":"","overlay-color":"","overlay-opacity":"","overlay-gradient":""}}},"product_brand":[],"product_cat":[362],"product_tag":[370,371,363,372],"class_list":{"0":"post-20060","1":"product","2":"type-product","3":"status-publish","4":"has-post-thumbnail","6":"product_cat-livros","7":"product_tag-clubedolivro","8":"product_tag-jornalpacity","9":"product_tag-livros","10":"product_tag-romance","11":"desktop-align-left","12":"tablet-align-left","13":"mobile-align-left","15":"first","16":"instock","17":"sale","18":"shipping-taxable","19":"product-type-external"},"_links":{"self":[{"href":"https:\/\/jornalpacity.com.br\/index.php?rest_route=\/wp\/v2\/product\/20060","targetHints":{"allow":["GET"]}}],"collection":[{"href":"https:\/\/jornalpacity.com.br\/index.php?rest_route=\/wp\/v2\/product"}],"about":[{"href":"https:\/\/jornalpacity.com.br\/index.php?rest_route=\/wp\/v2\/types\/product"}],"replies":[{"embeddable":true,"href":"https:\/\/jornalpacity.com.br\/index.php?rest_route=%2Fwp%2Fv2%2Fcomments&post=20060"}],"wp:featuredmedia":[{"embeddable":true,"href":"https:\/\/jornalpacity.com.br\/index.php?rest_route=\/wp\/v2\/media\/20061"}],"wp:attachment":[{"href":"https:\/\/jornalpacity.com.br\/index.php?rest_route=%2Fwp%2Fv2%2Fmedia&parent=20060"}],"wp:term":[{"taxonomy":"product_brand","embeddable":true,"href":"https:\/\/jornalpacity.com.br\/index.php?rest_route=%2Fwp%2Fv2%2Fproduct_brand&post=20060"},{"taxonomy":"product_cat","embeddable":true,"href":"https:\/\/jornalpacity.com.br\/index.php?rest_route=%2Fwp%2Fv2%2Fproduct_cat&post=20060"},{"taxonomy":"product_tag","embeddable":true,"href":"https:\/\/jornalpacity.com.br\/index.php?rest_route=%2Fwp%2Fv2%2Fproduct_tag&post=20060"}],"curies":[{"name":"wp","href":"https:\/\/api.w.org\/{rel}","templated":true}]}}