{"id":20062,"date":"2025-11-28T14:49:33","date_gmt":"2025-11-28T17:49:33","guid":{"rendered":"https:\/\/jornalpacity.com.br\/?post_type=product&#038;p=20062"},"modified":"2025-11-28T14:49:33","modified_gmt":"2025-11-28T17:49:33","slug":"a-hipotese-do-amor-de-ali-hazelwood","status":"publish","type":"product","link":"https:\/\/jornalpacity.com.br\/?product=a-hipotese-do-amor-de-ali-hazelwood","title":{"rendered":"A Hip\u00f3tese do Amor  de Ali Hazelwood"},"content":{"rendered":"<p>Quando um namoro de mentira entre cientistas encontra a irresist\u00edvel for\u00e7a da atra\u00e7\u00e3o, todas as teorias cuidadosamente calculadas sobre o amor s\u00e3o postas \u00e0 prova. Com personagens cativantes e di\u00e1logos afiados, este livro engra\u00e7ado, sexy e inteligente se tornou uma das grandes sensa\u00e7\u00f5es do TikTok. Olive Smith, aluna do doutorado em Biologia da Universidade Stanford, acredita na ci\u00eancia \u2013 n\u00e3o em algo incontrol\u00e1vel como o amor. Depois de sair algumas vezes com Jeremy, ela percebe que sua melhor amiga gosta dele e decide junt\u00e1-los. Para mostrar que est\u00e1 feliz com essa escolha, Olive precisa ser convincente: afinal, cientistas exigem provas. Sem muitas op\u00e7\u00f5es, ela resolve inventar um namoro de mentira e, num momento de p\u00e2nico, beija o primeiro homem que v\u00ea pela frente. O problema \u00e9 que esse homem \u00e9 Adam Carlsen, um jovem professor de prest\u00edgio \u2013 conhecido por levar os alunos \u00e0s l\u00e1grimas. Por isso, Olive fica chocada quando o tirano dos laborat\u00f3rios concorda em levar adiante a farsa e fingir ser seu namorado. De repente, seu pequeno experimento parece perigosamente pr\u00f3ximo da combust\u00e3o e aquela pequena possibilidade cient\u00edfica, que era apenas uma hip\u00f3tese sobre o amor, transforma-se em algo totalmente inesperado.<\/p>\n","protected":false},"excerpt":{"rendered":"<p>Aquela pequena possibilidade cient\u00edfica, que era apenas uma hip\u00f3tese sobre o amor, transforma-se em algo totalmente inesperado.<\/p>\n","protected":false},"featured_media":20063,"comment_status":"open","ping_status":"closed","template":"","meta":{"site-sidebar-layout":"default","site-content-layout":"","ast-site-content-layout":"default","site-content-style":"default","site-sidebar-style":"default","ast-global-header-display":"","ast-banner-title-visibility":"","ast-main-header-display":"","ast-hfb-above-header-display":"","ast-hfb-below-header-display":"","ast-hfb-mobile-header-display":"","site-post-title":"","ast-breadcrumbs-content":"","ast-featured-img":"","footer-sml-layout":"","ast-disable-related-posts":"","theme-transparent-header-meta":"default","adv-header-id-meta":"","stick-header-meta":"","header-above-stick-meta":"","header-main-stick-meta":"","header-below-stick-meta":"","astra-migrate-meta-layouts":"set","ast-page-background-enabled":"default","ast-page-background-meta":{"desktop":{"background-color":"var(--ast-global-color-4)","background-image":"","background-repeat":"repeat","background-position":"center center","background-size":"auto","background-attachment":"scroll","background-type":"","background-media":"","overlay-type":"","overlay-color":"","overlay-opacity":"","overlay-gradient":""},"tablet":{"background-color":"","background-image":"","background-repeat":"repeat","background-position":"center center","background-size":"auto","background-attachment":"scroll","background-type":"","background-media":"","overlay-type":"","overlay-color":"","overlay-opacity":"","overlay-gradient":""},"mobile":{"background-color":"","background-image":"","background-repeat":"repeat","background-position":"center center","background-size":"auto","background-attachment":"scroll","background-type":"","background-media":"","overlay-type":"","overlay-color":"","overlay-opacity":"","overlay-gradient":""}},"ast-content-background-meta":{"desktop":{"background-color":"var(--ast-global-color-5)","background-image":"","background-repeat":"repeat","background-position":"center center","background-size":"auto","background-attachment":"scroll","background-type":"","background-media":"","overlay-type":"","overlay-color":"","overlay-opacity":"","overlay-gradient":""},"tablet":{"background-color":"var(--ast-global-color-5)","background-image":"","background-repeat":"repeat","background-position":"center center","background-size":"auto","background-attachment":"scroll","background-type":"","background-media":"","overlay-type":"","overlay-color":"","overlay-opacity":"","overlay-gradient":""},"mobile":{"background-color":"var(--ast-global-color-5)","background-image":"","background-repeat":"repeat","background-position":"center center","background-size":"auto","background-attachment":"scroll","background-type":"","background-media":"","overlay-type":"","overlay-color":"","overlay-opacity":"","overlay-gradient":""}}},"product_brand":[],"product_cat":[362],"product_tag":[370,371,368],"class_list":{"0":"post-20062","1":"product","2":"type-product","3":"status-publish","4":"has-post-thumbnail","6":"product_cat-livros","7":"product_tag-clubedolivro","8":"product_tag-jornalpacity","9":"product_tag-livro","10":"desktop-align-left","11":"tablet-align-left","12":"mobile-align-left","14":"first","15":"instock","16":"sale","17":"shipping-taxable","18":"product-type-external"},"_links":{"self":[{"href":"https:\/\/jornalpacity.com.br\/index.php?rest_route=\/wp\/v2\/product\/20062","targetHints":{"allow":["GET"]}}],"collection":[{"href":"https:\/\/jornalpacity.com.br\/index.php?rest_route=\/wp\/v2\/product"}],"about":[{"href":"https:\/\/jornalpacity.com.br\/index.php?rest_route=\/wp\/v2\/types\/product"}],"replies":[{"embeddable":true,"href":"https:\/\/jornalpacity.com.br\/index.php?rest_route=%2Fwp%2Fv2%2Fcomments&post=20062"}],"wp:featuredmedia":[{"embeddable":true,"href":"https:\/\/jornalpacity.com.br\/index.php?rest_route=\/wp\/v2\/media\/20063"}],"wp:attachment":[{"href":"https:\/\/jornalpacity.com.br\/index.php?rest_route=%2Fwp%2Fv2%2Fmedia&parent=20062"}],"wp:term":[{"taxonomy":"product_brand","embeddable":true,"href":"https:\/\/jornalpacity.com.br\/index.php?rest_route=%2Fwp%2Fv2%2Fproduct_brand&post=20062"},{"taxonomy":"product_cat","embeddable":true,"href":"https:\/\/jornalpacity.com.br\/index.php?rest_route=%2Fwp%2Fv2%2Fproduct_cat&post=20062"},{"taxonomy":"product_tag","embeddable":true,"href":"https:\/\/jornalpacity.com.br\/index.php?rest_route=%2Fwp%2Fv2%2Fproduct_tag&post=20062"}],"curies":[{"name":"wp","href":"https:\/\/api.w.org\/{rel}","templated":true}]}}